{"id":1616,"date":"2019-06-24T09:45:49","date_gmt":"2019-06-24T09:45:49","guid":{"rendered":"http:\/\/asean.spaziomarketing.com\/?post_type=product&#038;p=1616"},"modified":"2020-09-08T08:31:47","modified_gmt":"2020-09-08T08:31:47","slug":"italia-e-singapore-differenze-che-avvicinano","status":"publish","type":"product","link":"https:\/\/www.itasean.org\/en\/product\/italia-e-singapore-differenze-che-avvicinano\/","title":{"rendered":"Italy and Singapore. Converging differences"},"content":{"rendered":"","protected":false},"excerpt":{"rendered":"<p><p style=\"text-align: justify;\">Slightly more than 50 years from its independence, Singapore represents undoubtedly a success story. This is confirmed by several economic and social indicators, as well as by the GDP\u2019s growth and the quality of life. The City-State moved on a hard path, studded with dramatic passages. Still, the country was able to maintain its independence and to build its prosperity. Singapore was probably the brightest pearl in the Asian necklace, a fruitful struggle for a dramatic redemption. It not only consigned to history its colonial past, but also built a model now respected all over the world.<\/p>\n<p><p style=\"text-align: justify;\">This publication is twofold: to spread in Italy the knowledge of Singapore\u2019s experience and to envisage some possible scenarios. The Asian country requires an analysis with global parameters, not centered on western criteria. In effect, its role in the globalized arena has been both pioneering and farsighted. At the same time, it is appropriate to imagine for Singapore a future that goes beyond its geographical limitation of  \u201clittle red spot\u201d on the Equator. On this track we can see an unprecedented convergence of intents between two countries at first sight so far and different.<\/p>\n<p><p style=\"text-align: justify;\"><em>Contributions by Paolo Crudele, Benedetto Della Vedova, Roberto Fabbri, Pietro Ginefra, Tommy Koh, Riccardo Maria Monti, Ong Keng Yong, Ow Chio Kiat, Mauro Petriccione, Michelangelo Pipan, Josephine Teo.\n\nCompanies: Coeclerici, Faci, Famosi, Garibaldi, Mapei, Menarini, Millennium and Copthorne Hotels, PSA, Sacmi, STMicroelectronics.\n\nForeword by Enrico Letta\n\nEdited by Romeo Orlandi<\/em><\/p>\n<p><em>Aziende: Coeclerici, Faci, Famosi, Garibaldi, Mapei, Menarini, Millennium and Copthorne Hotels, PSA, Sacmi, STMicroelectronics.<\/em><\/p>\n<p class=\" translation-block\"><\/p>\n<p class=\" translation-block\">Societ\u00e0 editrice il Mulino\npp. 288\nISBN 978-88-15-26603-3\nPublication year 2016\nAvailable from  September 2016<\/p>","protected":false},"featured_media":1617,"template":"","meta":{"_bbp_topic_count":0,"_bbp_reply_count":0,"_bbp_total_topic_count":0,"_bbp_total_reply_count":0,"_bbp_voice_count":0,"_bbp_anonymous_reply_count":0,"_bbp_topic_count_hidden":0,"_bbp_reply_count_hidden":0,"_bbp_forum_subforum_count":0,"_price":"","_stock":"","_tribe_ticket_header":"","_tribe_default_ticket_provider":"","_tribe_ticket_capacity":"0","_ticket_start_date":"","_ticket_end_date":"","_tribe_ticket_show_description":"","_tribe_ticket_show_not_going":false,"_tribe_ticket_use_global_stock":"","_tribe_ticket_global_stock_level":"","_global_stock_mode":"","_global_stock_cap":"","_tribe_rsvp_for_event":"","_tribe_ticket_going_count":"","_tribe_ticket_not_going_count":"","_tribe_tickets_list":[],"_tribe_ticket_has_attendee_info_fields":false,"_EventAllDay":false,"_EventTimezone":"","_EventStartDate":"","_EventEndDate":"","_EventStartDateUTC":"","_EventEndDateUTC":"","_EventShowMap":false,"_EventShowMapLink":false,"_EventURL":"","_EventCost":"","_EventCostDescription":"","_EventCurrencySymbol":"","_EventCurrencyPosition":"","_EventDateTimeSeparator":"","_EventTimeRangeSeparator":"","_EventOrganizerID":[],"_EventVenueID":0,"_OrganizerEmail":"","_OrganizerPhone":"","_OrganizerWebsite":"","_VenueAddress":"","_VenueCity":"","_VenueCountry":"","_VenueProvince":"","_VenueZip":"","_VenuePhone":"","_VenueURL":"","_VenueStateProvince":"","_VenueLat":"","_VenueLng":""},"product_cat":[95],"product_tag":[],"yoast_head":"<!-- This site is optimized with the Yoast SEO plugin v17.0 - https:\/\/yoast.com\/wordpress\/plugins\/seo\/ -->\n<title>Italia e Singapore. Differenze che avvicinano - Associazione Italia Asean<\/title>\n<meta name=\"robots\" content=\"index, follow, max-snippet:-1, max-image-preview:large, max-video-preview:-1\" \/>\n<link rel=\"canonical\" href=\"https:\/\/www.itasean.org\/en\/product\/italia-e-singapore-differenze-che-avvicinano\/\" \/>\n<meta property=\"og:locale\" content=\"en_GB\" \/>\n<meta property=\"og:type\" content=\"article\" \/>\n<meta property=\"og:title\" content=\"Italia e Singapore. Differenze che avvicinano - Associazione Italia Asean\" \/>\n<meta property=\"og:description\" content=\"A poco pi\u00f9 di 50 anni dalla sua indipendenza, Singapore rappresenta un indiscutibile successo. Lo testimoniano sia gli indicatori economici che sociali, i dati sul Pil e sulla qualit\u00e0 della vita. Il percorso della citt\u00e0-stato \u00e8 stato faticoso e innervato da passaggi drammatici. Il paese ha tuttavia conservato la sua indipendenza e costruito la sua prosperit\u00e0. \u00c8 stata probabilmente la perla pi\u00f9 luminosa della collana asiatica nella marcia verso un riscatto epocale. Singapore non ha soltanto consegnato alla storia i retaggi del suo passato coloniale; ha anche costruito un modello ormai rispettato in tutto il mondo.  Questa pubblicazione ha un duplice scopo: diffondere in Italia la conoscenza di un\u2019esperienza e immaginarne i possibili scenari. Singapore va esaminata con parametri globali, non soltanto imperniati su criteri analitici propri dell\u2019Occidente. Il suo ruolo nella globalizzazione \u00e8 stato infatti anticipatore e lungimirante. Contemporaneamente, viene proposta una riflessione sul futuro di Singapore che valica il tradizionale limite geografico del \u201cpiccolo punto rosso\u201d sull\u2019Equatore. Su questo binario si sviluppa una possibile convergenza di intenti per due paesi all\u2019apparenza lontani e diversi.  Contributi di Paolo Crudele, Benedetto Della Vedova, Roberto Fabbri, Pietro Ginefra, Tommy Koh, Riccardo Maria Monti, Ong Keng Yong, Ow Chio Kiat, Mauro Petriccione, Michelangelo Pipan, Josephine Teo.  Aziende: Coeclerici, Faci, Famosi, Garibaldi, Mapei, Menarini, Millennium and Copthorne Hotels, PSA, Sacmi, STMicroelectronics.  Prefazione di Enrico Letta A cura di Romeo Orlandi  Societ\u00e0 editrice il Mulino pp. 288 ISBN 978-88-15-26603-3 Anno di pubblicazione 2016 Disponibile da settembre 2016\" \/>\n<meta property=\"og:url\" content=\"https:\/\/www.itasean.org\/en\/product\/italia-e-singapore-differenze-che-avvicinano\/\" \/>\n<meta property=\"og:site_name\" content=\"Associazione Italia Asean\" \/>\n<meta property=\"article:modified_time\" content=\"2020-09-08T08:31:47+00:00\" \/>\n<meta property=\"og:image\" content=\"https:\/\/www.itasean.org\/wp-content\/uploads\/2019\/06\/asean-cover-italia-singapore-sito1.jpg\" \/>\n\t<meta property=\"og:image:width\" content=\"800\" \/>\n\t<meta property=\"og:image:height\" content=\"470\" \/>\n<meta name=\"twitter:card\" content=\"summary_large_image\" \/>\n<script type=\"application\/ld+json\" class=\"yoast-schema-graph\">{\"@context\":\"https:\/\/schema.org\",\"@graph\":[{\"@type\":\"WebSite\",\"@id\":\"https:\/\/www.itasean.org\/#website\",\"url\":\"https:\/\/www.itasean.org\/\",\"name\":\"Associazione Italia Asean\",\"description\":\"\",\"potentialAction\":[{\"@type\":\"SearchAction\",\"target\":{\"@type\":\"EntryPoint\",\"urlTemplate\":\"https:\/\/www.itasean.org\/?s={search_term_string}\"},\"query-input\":\"required name=search_term_string\"}],\"inLanguage\":\"en-GB\"},{\"@type\":\"ImageObject\",\"@id\":\"https:\/\/www.itasean.org\/prodotto\/italia-e-singapore-differenze-che-avvicinano\/#primaryimage\",\"inLanguage\":\"en-GB\",\"url\":\"https:\/\/www.itasean.org\/wp-content\/uploads\/2019\/06\/asean-cover-italia-singapore-sito1.jpg\",\"contentUrl\":\"https:\/\/www.itasean.org\/wp-content\/uploads\/2019\/06\/asean-cover-italia-singapore-sito1.jpg\",\"width\":800,\"height\":470},{\"@type\":\"WebPage\",\"@id\":\"https:\/\/www.itasean.org\/prodotto\/italia-e-singapore-differenze-che-avvicinano\/#webpage\",\"url\":\"https:\/\/www.itasean.org\/prodotto\/italia-e-singapore-differenze-che-avvicinano\/\",\"name\":\"Italia e Singapore. Differenze che avvicinano - Associazione Italia Asean\",\"isPartOf\":{\"@id\":\"https:\/\/www.itasean.org\/#website\"},\"primaryImageOfPage\":{\"@id\":\"https:\/\/www.itasean.org\/prodotto\/italia-e-singapore-differenze-che-avvicinano\/#primaryimage\"},\"datePublished\":\"2019-06-24T09:45:49+00:00\",\"dateModified\":\"2020-09-08T08:31:47+00:00\",\"breadcrumb\":{\"@id\":\"https:\/\/www.itasean.org\/prodotto\/italia-e-singapore-differenze-che-avvicinano\/#breadcrumb\"},\"inLanguage\":\"en-GB\",\"potentialAction\":[{\"@type\":\"ReadAction\",\"target\":[\"https:\/\/www.itasean.org\/prodotto\/italia-e-singapore-differenze-che-avvicinano\/\"]}]},{\"@type\":\"BreadcrumbList\",\"@id\":\"https:\/\/www.itasean.org\/prodotto\/italia-e-singapore-differenze-che-avvicinano\/#breadcrumb\",\"itemListElement\":[{\"@type\":\"ListItem\",\"position\":1,\"name\":\"Home\",\"item\":\"https:\/\/www.itasean.org\/\"},{\"@type\":\"ListItem\",\"position\":2,\"name\":\"Pubblicazioni\",\"item\":\"https:\/\/www.itasean.org\/pubblicazioni\/\"},{\"@type\":\"ListItem\",\"position\":3,\"name\":\"Italia e Singapore. Differenze che avvicinano\"}]}]}<\/script>\n<!-- \/ Yoast SEO plugin. -->","yoast_head_json":{"title":"Italia e Singapore. Differenze che avvicinano - Associazione Italia Asean","robots":{"index":"index","follow":"follow","max-snippet":"max-snippet:-1","max-image-preview":"max-image-preview:large","max-video-preview":"max-video-preview:-1"},"canonical":"https:\/\/www.itasean.org\/en\/product\/italia-e-singapore-differenze-che-avvicinano\/","og_locale":"en_GB","og_type":"article","og_title":"Italia e Singapore. Differenze che avvicinano - Associazione Italia Asean","og_description":"A poco pi\u00f9 di 50 anni dalla sua indipendenza, Singapore rappresenta un indiscutibile successo. Lo testimoniano sia gli indicatori economici che sociali, i dati sul Pil e sulla qualit\u00e0 della vita. Il percorso della citt\u00e0-stato \u00e8 stato faticoso e innervato da passaggi drammatici. Il paese ha tuttavia conservato la sua indipendenza e costruito la sua prosperit\u00e0. \u00c8 stata probabilmente la perla pi\u00f9 luminosa della collana asiatica nella marcia verso un riscatto epocale. Singapore non ha soltanto consegnato alla storia i retaggi del suo passato coloniale; ha anche costruito un modello ormai rispettato in tutto il mondo.  Questa pubblicazione ha un duplice scopo: diffondere in Italia la conoscenza di un\u2019esperienza e immaginarne i possibili scenari. Singapore va esaminata con parametri globali, non soltanto imperniati su criteri analitici propri dell\u2019Occidente. Il suo ruolo nella globalizzazione \u00e8 stato infatti anticipatore e lungimirante. Contemporaneamente, viene proposta una riflessione sul futuro di Singapore che valica il tradizionale limite geografico del \u201cpiccolo punto rosso\u201d sull\u2019Equatore. Su questo binario si sviluppa una possibile convergenza di intenti per due paesi all\u2019apparenza lontani e diversi.  Contributi di Paolo Crudele, Benedetto Della Vedova, Roberto Fabbri, Pietro Ginefra, Tommy Koh, Riccardo Maria Monti, Ong Keng Yong, Ow Chio Kiat, Mauro Petriccione, Michelangelo Pipan, Josephine Teo.  Aziende: Coeclerici, Faci, Famosi, Garibaldi, Mapei, Menarini, Millennium and Copthorne Hotels, PSA, Sacmi, STMicroelectronics.  Prefazione di Enrico Letta A cura di Romeo Orlandi  Societ\u00e0 editrice il Mulino pp. 288 ISBN 978-88-15-26603-3 Anno di pubblicazione 2016 Disponibile da settembre 2016","og_url":"https:\/\/www.itasean.org\/en\/product\/italia-e-singapore-differenze-che-avvicinano\/","og_site_name":"Associazione Italia Asean","article_modified_time":"2020-09-08T08:31:47+00:00","og_image":[{"width":800,"height":470,"url":"https:\/\/www.itasean.org\/wp-content\/uploads\/2019\/06\/asean-cover-italia-singapore-sito1.jpg","path":"\/var\/www\/www.itasean.org\/wp-content\/uploads\/2019\/06\/asean-cover-italia-singapore-sito1.jpg","size":"full","id":1617,"alt":"","pixels":376000,"type":"image\/jpeg"}],"twitter_card":"summary_large_image","schema":{"@context":"https:\/\/schema.org","@graph":[{"@type":"WebSite","@id":"https:\/\/www.itasean.org\/#website","url":"https:\/\/www.itasean.org\/","name":"Associazione Italia Asean","description":"","potentialAction":[{"@type":"SearchAction","target":{"@type":"EntryPoint","urlTemplate":"https:\/\/www.itasean.org\/?s={search_term_string}"},"query-input":"required name=search_term_string"}],"inLanguage":"en-GB"},{"@type":"ImageObject","@id":"https:\/\/www.itasean.org\/prodotto\/italia-e-singapore-differenze-che-avvicinano\/#primaryimage","inLanguage":"en-GB","url":"https:\/\/www.itasean.org\/wp-content\/uploads\/2019\/06\/asean-cover-italia-singapore-sito1.jpg","contentUrl":"https:\/\/www.itasean.org\/wp-content\/uploads\/2019\/06\/asean-cover-italia-singapore-sito1.jpg","width":800,"height":470},{"@type":"WebPage","@id":"https:\/\/www.itasean.org\/prodotto\/italia-e-singapore-differenze-che-avvicinano\/#webpage","url":"https:\/\/www.itasean.org\/prodotto\/italia-e-singapore-differenze-che-avvicinano\/","name":"Italia e Singapore. Differenze che avvicinano - Associazione Italia Asean","isPartOf":{"@id":"https:\/\/www.itasean.org\/#website"},"primaryImageOfPage":{"@id":"https:\/\/www.itasean.org\/prodotto\/italia-e-singapore-differenze-che-avvicinano\/#primaryimage"},"datePublished":"2019-06-24T09:45:49+00:00","dateModified":"2020-09-08T08:31:47+00:00","breadcrumb":{"@id":"https:\/\/www.itasean.org\/prodotto\/italia-e-singapore-differenze-che-avvicinano\/#breadcrumb"},"inLanguage":"en-GB","potentialAction":[{"@type":"ReadAction","target":["https:\/\/www.itasean.org\/prodotto\/italia-e-singapore-differenze-che-avvicinano\/"]}]},{"@type":"BreadcrumbList","@id":"https:\/\/www.itasean.org\/prodotto\/italia-e-singapore-differenze-che-avvicinano\/#breadcrumb","itemListElement":[{"@type":"ListItem","position":1,"name":"Home","item":"https:\/\/www.itasean.org\/"},{"@type":"ListItem","position":2,"name":"Pubblicazioni","item":"https:\/\/www.itasean.org\/pubblicazioni\/"},{"@type":"ListItem","position":3,"name":"Italia e Singapore. Differenze che avvicinano"}]}]}},"_links":{"self":[{"href":"https:\/\/www.itasean.org\/en\/wp-json\/wp\/v2\/product\/1616"}],"collection":[{"href":"https:\/\/www.itasean.org\/en\/wp-json\/wp\/v2\/product"}],"about":[{"href":"https:\/\/www.itasean.org\/en\/wp-json\/wp\/v2\/types\/product"}],"wp:featuredmedia":[{"embeddable":true,"href":"https:\/\/www.itasean.org\/en\/wp-json\/wp\/v2\/media\/1617"}],"wp:attachment":[{"href":"https:\/\/www.itasean.org\/en\/wp-json\/wp\/v2\/media?parent=1616"}],"wp:term":[{"taxonomy":"product_cat","embeddable":true,"href":"https:\/\/www.itasean.org\/en\/wp-json\/wp\/v2\/product_cat?post=1616"},{"taxonomy":"product_tag","embeddable":true,"href":"https:\/\/www.itasean.org\/en\/wp-json\/wp\/v2\/product_tag?post=1616"}],"curies":[{"name":"wp","href":"https:\/\/api.w.org\/{rel}","templated":true}]}}