{"id":1618,"date":"2019-06-24T09:50:25","date_gmt":"2019-06-24T09:50:25","guid":{"rendered":"http:\/\/asean.spaziomarketing.com\/?post_type=product&#038;p=1618"},"modified":"2020-09-08T08:28:20","modified_gmt":"2020-09-08T08:28:20","slug":"lasean-per-il-sistema-italia-volume-a-cura-di-romeo-orlandi","status":"publish","type":"product","link":"https:\/\/www.itasean.org\/en\/product\/lasean-per-il-sistema-italia-volume-a-cura-di-romeo-orlandi\/","title":{"rendered":"Asean for Italy"},"content":{"rendered":"","protected":false},"excerpt":{"rendered":"<p><p style=\"text-align: justify;\">The Association of Southeast Asian Nations, or ASEAN, is a regional block, distinct from the political and economic giants of Asia: China, Japan, India. ASEAN member countries have diverse internal structures, cemented by a common goal, embodied in its charter: \u201cto transform ASEAN into a stable, prosperous, and highly competitive region with equitable economic development, and reduced poverty and socio-economic disparities\u201d. Almost 50 years after its foundation in 1967, ASEAN\u2019s path has been marked by impressive results. In particular, the addition of Vietnam, Laos, Cambodia and Myanmar \u2013 matured at the end of the Cold War \u2013 provided growth and stability to the role of the Association. Its economic dynamism \u2013 even with contradictions and inequalities \u2013 is fast consigning to history poverty and backwardness. A systematic, well-targeted political dialogue is currently developing between Italy and the ten ASEAN members. Trade and investments, as well as official visits, are constantly increasing. For Italy, the richness and diversity of the countries, peoples and resources of ASEAN offer great promise for a very successful cooperation.<\/p>\n<p><p style=\"text-align: justify;\">Contributions by Carlo Calenda, Matthieu Cristelli, Paolo Gentiloni, Pietro Ginefra, Sean Hill, Le Luong Minh, Riccardo Maria Monti, Abdul Samad Othman, Luciano Pietronero, Michelangelo Pipan, Andrea Tacchella, Erick Thohir, Andrea Zaccaria. Companies: Ariston Thermo, CMC-Cooperativa Muratori Cementisti, SGFE-Sustainable Green Fuel Enterprise, Tenaris Dalmine. Preface by di Enrico Letta. \n\nCasa editrice Il Mulino\npp. 192\nISBN 978-88-15-26109-0\nPublication year 2015\nAvailable from  19\/11\/2015\nTo purchase the volume, click here\u00a0<a href=\"http:\/\/www.itasean.org\/it\/limpegno-del-governo-per-le-aziende-italiane\/\">Carlo Calenda<\/a>, Matthieu Cristelli,\u00a0<a href=\"http:\/\/www.itasean.org\/it\/la-politica-estera-italiana-verso-lasean\/\">Paolo Gentiloni<\/a>, Pietro Ginefra, Sean Hill, Le Luong Minh, Riccardo Maria Monti, Abdul Samad Othman, Luciano Pietronero,\u00a0<a href=\"http:\/\/www.itasean.org\/it\/origini-e-prospettive-per-lassociazione-italia-asean\/\">Michelangelo Pipan<\/a>, Andrea Tacchella, Erick Thohir, Andrea Zaccaria. Aziende: Ariston Thermo, CMC-Cooperativa Muratori Cementisti, SGFE-Sustainable Green Fuel Enterprise, Tenaris Dalmine.\u00a0<a href=\"http:\/\/www.itasean.org\/it\/associazione-italia-asean-unopportunita-di-crescita-culturale-ed-economica\/\">Prefazione di Enrico Letta<\/a>.<\/p>\n<p>Casa editrice Il Mulino<br \/>\npp. 192<br \/>\nISBN 978-88-15-26109-0<br \/>\nAnno di pubblicazione 2015<br \/>\nIn libreria dal 19\/11\/2015<br \/>\n<a href=\"https:\/\/www.mulino.it\/isbn\/9788815261090\" target=\"_blank\" rel=\"noopener noreferrer\">Consulta la scheda del volume sul sito della casa editrice Il Mulino<\/a><\/p>\n<p><p style=\"text-align: justify;\" class=\" translation-block\">The Author, Romeo Orlandi. Vice President of the Association Italy-ASEAN, Romeo Orlandi is an economist and sinologist. Professor of Globalization and Far East at the University of Bologna, he also teaches various post-graduate courses. Romeo has directed the think tank Osservatorio Asia since its inception in 2004. He was Trade Commissioner for the Italian Government in Singapore, Shanghai, and Beijing (for Greater China). He is an international strategic consultant for governmental institutions and companies, a regular contributor to national and international media, and author of several books on China, India, Vietnam, Indonesia and ASEAN.<\/p>\n<p><p style=\"text-align: justify;\" class=\" translation-block\"><\/p>","protected":false},"featured_media":1619,"template":"","meta":{"_bbp_topic_count":0,"_bbp_reply_count":0,"_bbp_total_topic_count":0,"_bbp_total_reply_count":0,"_bbp_voice_count":0,"_bbp_anonymous_reply_count":0,"_bbp_topic_count_hidden":0,"_bbp_reply_count_hidden":0,"_bbp_forum_subforum_count":0,"_price":"","_stock":"","_tribe_ticket_header":"","_tribe_default_ticket_provider":"","_tribe_ticket_capacity":"0","_ticket_start_date":"","_ticket_end_date":"","_tribe_ticket_show_description":"","_tribe_ticket_show_not_going":false,"_tribe_ticket_use_global_stock":"","_tribe_ticket_global_stock_level":"","_global_stock_mode":"","_global_stock_cap":"","_tribe_rsvp_for_event":"","_tribe_ticket_going_count":"","_tribe_ticket_not_going_count":"","_tribe_tickets_list":[],"_tribe_ticket_has_attendee_info_fields":false,"_EventAllDay":false,"_EventTimezone":"","_EventStartDate":"","_EventEndDate":"","_EventStartDateUTC":"","_EventEndDateUTC":"","_EventShowMap":false,"_EventShowMapLink":false,"_EventURL":"","_EventCost":"","_EventCostDescription":"","_EventCurrencySymbol":"","_EventCurrencyPosition":"","_EventDateTimeSeparator":"","_EventTimeRangeSeparator":"","_EventOrganizerID":[],"_EventVenueID":0,"_OrganizerEmail":"","_OrganizerPhone":"","_OrganizerWebsite":"","_VenueAddress":"","_VenueCity":"","_VenueCountry":"","_VenueProvince":"","_VenueZip":"","_VenuePhone":"","_VenueURL":"","_VenueStateProvince":"","_VenueLat":"","_VenueLng":""},"product_cat":[95],"product_tag":[131,132,133],"yoast_head":"<!-- This site is optimized with the Yoast SEO plugin v17.0 - https:\/\/yoast.com\/wordpress\/plugins\/seo\/ -->\n<title>L\u2019Asean per il Sistema Italia, volume a cura di Romeo Orlandi - Associazione Italia Asean<\/title>\n<meta name=\"robots\" content=\"index, follow, max-snippet:-1, max-image-preview:large, max-video-preview:-1\" \/>\n<link rel=\"canonical\" href=\"https:\/\/www.itasean.org\/en\/product\/lasean-per-il-sistema-italia-volume-a-cura-di-romeo-orlandi\/\" \/>\n<meta property=\"og:locale\" content=\"en_GB\" \/>\n<meta property=\"og:type\" content=\"article\" \/>\n<meta property=\"og:title\" content=\"L\u2019Asean per il Sistema Italia, volume a cura di Romeo Orlandi - Associazione Italia Asean\" \/>\n<meta property=\"og:description\" content=\"L\u2019Associazione delle nazioni del sud-est asiatico \u00e8 un blocco regionale distinto dai giganti politico-economici dell\u2019Asia: Cina, India, Giappone. Ha strutture differenti al suo interno, saldate tuttavia da un\u2019ambizione comune, impressa nei suoi programmi: \u201ctrasformare l\u2019Asean in una regione stabile, prospera, altamente competitiva, con uno sviluppo equilibrato e ridurre la povert\u00e0 e le disparit\u00e0 socio-economiche\u201d. A quasi 50 anni dalla fondazione nel 1967, il suo tragitto appare costellato da validi risultati. Soprattutto dopo l\u2019inclusione dei 3 paesi indocinesi e di Myanmar \u2013 un frutto maturo alla fine della guerra fredda \u2013\u00a0 l\u2019Asean \u00e8 oggi un\u2019associazione di stabilit\u00e0 e crescita. Le sue dinamiche economiche \u2013 pur tra contraddizioni e ineguaglianze \u2013 stanno velocemente consegnando alla storia la povert\u00e0 e l\u2019arretratezza. L\u2019Italia sta elaborando una politica specifica verso il complesso dei 10 paesi che ne fanno parte. Ne sono testimoni gli andamenti commerciali, i flussi di investimento nelle 2 direzioni, le visite istituzionali. Per il nostro paese l\u2019originalit\u00e0 dell\u2019Asean \u00e8 ormai acquisita. Si tratta di un processo ineludibile e promettente, basato sulla prima peculiarit\u00e0 offerta dal suo territorio, dai suoi cittadini e dalle sue risorse: la ricchezza nella diversit\u00e0.  Contributi di\u00a0Carlo Calenda, Matthieu Cristelli,\u00a0Paolo Gentiloni, Pietro Ginefra, Sean Hill, Le Luong Minh, Riccardo Maria Monti, Abdul Samad Othman, Luciano Pietronero,\u00a0Michelangelo Pipan, Andrea Tacchella, Erick Thohir, Andrea Zaccaria. Aziende: Ariston Thermo, CMC-Cooperativa Muratori Cementisti, SGFE-Sustainable Green Fuel Enterprise, Tenaris Dalmine.\u00a0Prefazione di Enrico Letta.  Casa editrice Il Mulino pp. 192 ISBN 978-88-15-26109-0 Anno di pubblicazione 2015 In libreria dal 19\/11\/2015 Consulta la scheda del volume sul sito della casa editrice Il Mulino  A\u00a0cura di Romeo Orlandi Vice Presidente dell\u2019Associazione Italia-Asean, economista e sinologo, insegna Globalizzazione ed Estremo Oriente all\u2019Universit\u00e0 di Bologna e ha incarichi di docenza sull\u2019economia dell\u2019Asia Orientale in diversi Master post universitari. Ha diretto il think tank Osservatorio Asia. Per l\u2019Istituto Nazionale per il Commercio Estero ha lavorato a Los Angeles, Singapore, Shanghai e Pechino. Collabora a quotidiani e riviste specializzate. \u00c8 autore di numerose pubblicazioni tra cui, nella collana Arel-Osservatorio Asia del Mulino: \u201cCina. La conoscenza \u00e8 un fattore di business\u201d, \u201cL\u2019elefante sul trampolino. L\u2019India tra i grandi della terra\u201d, \u201cOltre guerra e pace. Il Vietnam nel terzo millennio\u201d e \u201cIndonesia. Passaggio a sud-est\u201d. \u00c8 consulente per progetti dell\u2019Unione Europea, Enti pubblici e aziende italiane.  Associazione Italia-ASEAN Nata nel 2015, l\u2019Associazione Italia-ASEAN si \u00e8 posta il compito di fornire al Sistema Paese uno strumento di conoscenza e di lavoro. L\u2019emersione dell\u2019ASEAN nella globalizzazione pone infatti l\u2019Italia di fronte alla necessit\u00e0 di arricchire il numero dei suoi paesi interlocutori. L\u2019Associazione \u00e8 aperta a contributi e sostegni da partner italiani, europei, asiatici. Ha una struttura leggera, in linea con i moderni metodi di lavoro e comunicazione. Le sue attivit\u00e0 \u2013 decise da un Consiglio Direttivo \u2013 sono articolate e si concentrano su tre versanti: eventi e convegni, missioni, iniziative editoriali.\" \/>\n<meta property=\"og:url\" content=\"https:\/\/www.itasean.org\/en\/product\/lasean-per-il-sistema-italia-volume-a-cura-di-romeo-orlandi\/\" \/>\n<meta property=\"og:site_name\" content=\"Associazione Italia Asean\" \/>\n<meta property=\"article:modified_time\" content=\"2020-09-08T08:28:20+00:00\" \/>\n<meta property=\"og:image\" content=\"https:\/\/www.itasean.org\/wp-content\/uploads\/2019\/06\/COVER-2.jpg\" \/>\n\t<meta property=\"og:image:width\" content=\"800\" \/>\n\t<meta property=\"og:image:height\" content=\"470\" \/>\n<meta name=\"twitter:card\" content=\"summary_large_image\" \/>\n<script type=\"application\/ld+json\" class=\"yoast-schema-graph\">{\"@context\":\"https:\/\/schema.org\",\"@graph\":[{\"@type\":\"WebSite\",\"@id\":\"https:\/\/www.itasean.org\/#website\",\"url\":\"https:\/\/www.itasean.org\/\",\"name\":\"Associazione Italia Asean\",\"description\":\"\",\"potentialAction\":[{\"@type\":\"SearchAction\",\"target\":{\"@type\":\"EntryPoint\",\"urlTemplate\":\"https:\/\/www.itasean.org\/?s={search_term_string}\"},\"query-input\":\"required name=search_term_string\"}],\"inLanguage\":\"en-GB\"},{\"@type\":\"ImageObject\",\"@id\":\"https:\/\/www.itasean.org\/prodotto\/lasean-per-il-sistema-italia-volume-a-cura-di-romeo-orlandi\/#primaryimage\",\"inLanguage\":\"en-GB\",\"url\":\"https:\/\/www.itasean.org\/wp-content\/uploads\/2019\/06\/COVER-2.jpg\",\"contentUrl\":\"https:\/\/www.itasean.org\/wp-content\/uploads\/2019\/06\/COVER-2.jpg\",\"width\":800,\"height\":470},{\"@type\":\"WebPage\",\"@id\":\"https:\/\/www.itasean.org\/prodotto\/lasean-per-il-sistema-italia-volume-a-cura-di-romeo-orlandi\/#webpage\",\"url\":\"https:\/\/www.itasean.org\/prodotto\/lasean-per-il-sistema-italia-volume-a-cura-di-romeo-orlandi\/\",\"name\":\"L\\u2019Asean per il Sistema Italia, volume a cura di Romeo Orlandi - Associazione Italia Asean\",\"isPartOf\":{\"@id\":\"https:\/\/www.itasean.org\/#website\"},\"primaryImageOfPage\":{\"@id\":\"https:\/\/www.itasean.org\/prodotto\/lasean-per-il-sistema-italia-volume-a-cura-di-romeo-orlandi\/#primaryimage\"},\"datePublished\":\"2019-06-24T09:50:25+00:00\",\"dateModified\":\"2020-09-08T08:28:20+00:00\",\"breadcrumb\":{\"@id\":\"https:\/\/www.itasean.org\/prodotto\/lasean-per-il-sistema-italia-volume-a-cura-di-romeo-orlandi\/#breadcrumb\"},\"inLanguage\":\"en-GB\",\"potentialAction\":[{\"@type\":\"ReadAction\",\"target\":[\"https:\/\/www.itasean.org\/prodotto\/lasean-per-il-sistema-italia-volume-a-cura-di-romeo-orlandi\/\"]}]},{\"@type\":\"BreadcrumbList\",\"@id\":\"https:\/\/www.itasean.org\/prodotto\/lasean-per-il-sistema-italia-volume-a-cura-di-romeo-orlandi\/#breadcrumb\",\"itemListElement\":[{\"@type\":\"ListItem\",\"position\":1,\"name\":\"Home\",\"item\":\"https:\/\/www.itasean.org\/\"},{\"@type\":\"ListItem\",\"position\":2,\"name\":\"Pubblicazioni\",\"item\":\"https:\/\/www.itasean.org\/pubblicazioni\/\"},{\"@type\":\"ListItem\",\"position\":3,\"name\":\"L\\u2019Asean per il Sistema Italia, volume a cura di Romeo Orlandi\"}]}]}<\/script>\n<!-- \/ Yoast SEO plugin. -->","yoast_head_json":{"title":"L\u2019Asean per il Sistema Italia, volume a cura di Romeo Orlandi - Associazione Italia Asean","robots":{"index":"index","follow":"follow","max-snippet":"max-snippet:-1","max-image-preview":"max-image-preview:large","max-video-preview":"max-video-preview:-1"},"canonical":"https:\/\/www.itasean.org\/en\/product\/lasean-per-il-sistema-italia-volume-a-cura-di-romeo-orlandi\/","og_locale":"en_GB","og_type":"article","og_title":"L\u2019Asean per il Sistema Italia, volume a cura di Romeo Orlandi - Associazione Italia Asean","og_description":"L\u2019Associazione delle nazioni del sud-est asiatico \u00e8 un blocco regionale distinto dai giganti politico-economici dell\u2019Asia: Cina, India, Giappone. Ha strutture differenti al suo interno, saldate tuttavia da un\u2019ambizione comune, impressa nei suoi programmi: \u201ctrasformare l\u2019Asean in una regione stabile, prospera, altamente competitiva, con uno sviluppo equilibrato e ridurre la povert\u00e0 e le disparit\u00e0 socio-economiche\u201d. A quasi 50 anni dalla fondazione nel 1967, il suo tragitto appare costellato da validi risultati. Soprattutto dopo l\u2019inclusione dei 3 paesi indocinesi e di Myanmar \u2013 un frutto maturo alla fine della guerra fredda \u2013\u00a0 l\u2019Asean \u00e8 oggi un\u2019associazione di stabilit\u00e0 e crescita. Le sue dinamiche economiche \u2013 pur tra contraddizioni e ineguaglianze \u2013 stanno velocemente consegnando alla storia la povert\u00e0 e l\u2019arretratezza. L\u2019Italia sta elaborando una politica specifica verso il complesso dei 10 paesi che ne fanno parte. Ne sono testimoni gli andamenti commerciali, i flussi di investimento nelle 2 direzioni, le visite istituzionali. Per il nostro paese l\u2019originalit\u00e0 dell\u2019Asean \u00e8 ormai acquisita. Si tratta di un processo ineludibile e promettente, basato sulla prima peculiarit\u00e0 offerta dal suo territorio, dai suoi cittadini e dalle sue risorse: la ricchezza nella diversit\u00e0.  Contributi di\u00a0Carlo Calenda, Matthieu Cristelli,\u00a0Paolo Gentiloni, Pietro Ginefra, Sean Hill, Le Luong Minh, Riccardo Maria Monti, Abdul Samad Othman, Luciano Pietronero,\u00a0Michelangelo Pipan, Andrea Tacchella, Erick Thohir, Andrea Zaccaria. Aziende: Ariston Thermo, CMC-Cooperativa Muratori Cementisti, SGFE-Sustainable Green Fuel Enterprise, Tenaris Dalmine.\u00a0Prefazione di Enrico Letta.  Casa editrice Il Mulino pp. 192 ISBN 978-88-15-26109-0 Anno di pubblicazione 2015 In libreria dal 19\/11\/2015 Consulta la scheda del volume sul sito della casa editrice Il Mulino  A\u00a0cura di Romeo Orlandi Vice Presidente dell\u2019Associazione Italia-Asean, economista e sinologo, insegna Globalizzazione ed Estremo Oriente all\u2019Universit\u00e0 di Bologna e ha incarichi di docenza sull\u2019economia dell\u2019Asia Orientale in diversi Master post universitari. Ha diretto il think tank Osservatorio Asia. Per l\u2019Istituto Nazionale per il Commercio Estero ha lavorato a Los Angeles, Singapore, Shanghai e Pechino. Collabora a quotidiani e riviste specializzate. \u00c8 autore di numerose pubblicazioni tra cui, nella collana Arel-Osservatorio Asia del Mulino: \u201cCina. La conoscenza \u00e8 un fattore di business\u201d, \u201cL\u2019elefante sul trampolino. L\u2019India tra i grandi della terra\u201d, \u201cOltre guerra e pace. Il Vietnam nel terzo millennio\u201d e \u201cIndonesia. Passaggio a sud-est\u201d. \u00c8 consulente per progetti dell\u2019Unione Europea, Enti pubblici e aziende italiane.  Associazione Italia-ASEAN Nata nel 2015, l\u2019Associazione Italia-ASEAN si \u00e8 posta il compito di fornire al Sistema Paese uno strumento di conoscenza e di lavoro. L\u2019emersione dell\u2019ASEAN nella globalizzazione pone infatti l\u2019Italia di fronte alla necessit\u00e0 di arricchire il numero dei suoi paesi interlocutori. L\u2019Associazione \u00e8 aperta a contributi e sostegni da partner italiani, europei, asiatici. Ha una struttura leggera, in linea con i moderni metodi di lavoro e comunicazione. Le sue attivit\u00e0 \u2013 decise da un Consiglio Direttivo \u2013 sono articolate e si concentrano su tre versanti: eventi e convegni, missioni, iniziative editoriali.","og_url":"https:\/\/www.itasean.org\/en\/product\/lasean-per-il-sistema-italia-volume-a-cura-di-romeo-orlandi\/","og_site_name":"Associazione Italia Asean","article_modified_time":"2020-09-08T08:28:20+00:00","og_image":[{"width":800,"height":470,"url":"https:\/\/www.itasean.org\/wp-content\/uploads\/2019\/06\/COVER-2.jpg","path":"\/var\/www\/www.itasean.org\/wp-content\/uploads\/2019\/06\/COVER-2.jpg","size":"full","id":1619,"alt":"","pixels":376000,"type":"image\/jpeg"}],"twitter_card":"summary_large_image","schema":{"@context":"https:\/\/schema.org","@graph":[{"@type":"WebSite","@id":"https:\/\/www.itasean.org\/#website","url":"https:\/\/www.itasean.org\/","name":"Associazione Italia Asean","description":"","potentialAction":[{"@type":"SearchAction","target":{"@type":"EntryPoint","urlTemplate":"https:\/\/www.itasean.org\/?s={search_term_string}"},"query-input":"required name=search_term_string"}],"inLanguage":"en-GB"},{"@type":"ImageObject","@id":"https:\/\/www.itasean.org\/prodotto\/lasean-per-il-sistema-italia-volume-a-cura-di-romeo-orlandi\/#primaryimage","inLanguage":"en-GB","url":"https:\/\/www.itasean.org\/wp-content\/uploads\/2019\/06\/COVER-2.jpg","contentUrl":"https:\/\/www.itasean.org\/wp-content\/uploads\/2019\/06\/COVER-2.jpg","width":800,"height":470},{"@type":"WebPage","@id":"https:\/\/www.itasean.org\/prodotto\/lasean-per-il-sistema-italia-volume-a-cura-di-romeo-orlandi\/#webpage","url":"https:\/\/www.itasean.org\/prodotto\/lasean-per-il-sistema-italia-volume-a-cura-di-romeo-orlandi\/","name":"L\u2019Asean per il Sistema Italia, volume a cura di Romeo Orlandi - Associazione Italia Asean","isPartOf":{"@id":"https:\/\/www.itasean.org\/#website"},"primaryImageOfPage":{"@id":"https:\/\/www.itasean.org\/prodotto\/lasean-per-il-sistema-italia-volume-a-cura-di-romeo-orlandi\/#primaryimage"},"datePublished":"2019-06-24T09:50:25+00:00","dateModified":"2020-09-08T08:28:20+00:00","breadcrumb":{"@id":"https:\/\/www.itasean.org\/prodotto\/lasean-per-il-sistema-italia-volume-a-cura-di-romeo-orlandi\/#breadcrumb"},"inLanguage":"en-GB","potentialAction":[{"@type":"ReadAction","target":["https:\/\/www.itasean.org\/prodotto\/lasean-per-il-sistema-italia-volume-a-cura-di-romeo-orlandi\/"]}]},{"@type":"BreadcrumbList","@id":"https:\/\/www.itasean.org\/prodotto\/lasean-per-il-sistema-italia-volume-a-cura-di-romeo-orlandi\/#breadcrumb","itemListElement":[{"@type":"ListItem","position":1,"name":"Home","item":"https:\/\/www.itasean.org\/"},{"@type":"ListItem","position":2,"name":"Pubblicazioni","item":"https:\/\/www.itasean.org\/pubblicazioni\/"},{"@type":"ListItem","position":3,"name":"L\u2019Asean per il Sistema Italia, volume a cura di Romeo Orlandi"}]}]}},"_links":{"self":[{"href":"https:\/\/www.itasean.org\/en\/wp-json\/wp\/v2\/product\/1618"}],"collection":[{"href":"https:\/\/www.itasean.org\/en\/wp-json\/wp\/v2\/product"}],"about":[{"href":"https:\/\/www.itasean.org\/en\/wp-json\/wp\/v2\/types\/product"}],"wp:featuredmedia":[{"embeddable":true,"href":"https:\/\/www.itasean.org\/en\/wp-json\/wp\/v2\/media\/1619"}],"wp:attachment":[{"href":"https:\/\/www.itasean.org\/en\/wp-json\/wp\/v2\/media?parent=1618"}],"wp:term":[{"taxonomy":"product_cat","embeddable":true,"href":"https:\/\/www.itasean.org\/en\/wp-json\/wp\/v2\/product_cat?post=1618"},{"taxonomy":"product_tag","embeddable":true,"href":"https:\/\/www.itasean.org\/en\/wp-json\/wp\/v2\/product_tag?post=1618"}],"curies":[{"name":"wp","href":"https:\/\/api.w.org\/{rel}","templated":true}]}}