{"id":2919,"date":"2020-08-10T05:51:49","date_gmt":"2020-08-10T05:51:49","guid":{"rendered":"https:\/\/www.itasean.org\/?post_type=product&#038;p=2919"},"modified":"2020-09-10T05:59:58","modified_gmt":"2020-09-10T05:59:58","slug":"le-anime-dello-sviluppo-2018","status":"publish","type":"product","link":"https:\/\/www.itasean.org\/en\/product\/le-anime-dello-sviluppo-2018\/","title":{"rendered":"Le anime dello sviluppo (2018)"},"content":{"rendered":"","protected":false},"excerpt":{"rendered":"<p>L\u2019ASEAN ha imposto la propria diversit\u00e0 come un valore fondante, uno strumento di stabilit\u00e0 e un trampolino per la crescita. Nessuna organizzazione regionale presenta una cos\u00ec vasta pluralit\u00e0 di sistemi politici, eredit\u00e0 culturali, tradizioni popolari, esperimenti sociali. Il rispetto dell\u2019alterit\u00e0 \u00e8 stato prezioso nel lungo, spesso faticoso, cammino della lotta al sottosviluppo. I dieci paesi dell\u2019Associazione, spesso antagonisti nella storia, hanno costruito un modus vivendi imperniato sulla tolleranza che conduce alla pace. In questa cornice, le differenze religiose non sono un\u2019eccezione. Convivono e trainano le societ\u00e0 verso il loro riscatto, in un ventaglio di esperienze redditizie. Si afferma un ruolo pi\u00f9 moderno delle religioni: identitario per la difesa del tessuto sociale, vigile per contrastare ogni radicalizzazione, equilibratore delle disparit\u00e0 arrecate della globalizzazione economica.<\/p>\n<h2>INDICE<\/h2>\n<p><b>Prefazione <\/b>di <i>Enrico Letta<\/i><\/p>\n<p><b>Introduzione <\/b>di <i>Romeo Orlandi <\/i><\/p>\n<p><b>I numeri e la sovrastruttura <\/b>di <i>Romeo Orlandi<\/i><\/p>\n<p><b>Fedi e popoli nel sud-est asiatico <\/b>di <i>Valeria Martano <\/i><\/p>\n<p><b>L\u2019economia buddista: una guida per la creazione di un\u2019economia\u00a0<\/b><b>equa, sostenibile e solidale <\/b>di <i>Clair Brown <\/i><\/p>\n<p><b>Liberazione, concentrazione e il ruolo di equilibrio della<\/b><\/p>\n<p><b>Muhammadiyah indonesiana <\/b>di <i>Bambang Setiaji <\/i>e <i>Haedar\u00a0<\/i><i>Nashir<\/i><\/p>\n<p><b>L\u2019economia islamica nel sud-est asiatico <\/b>di <i>Roberto Fabbri<\/i><\/p>\n<p><b>Lo sviluppismo bumiputra e la politicizzazione dell\u2019Islam in\u00a0<\/b><b>Malaysia <\/b>di <i>Andreas Ufen<\/i><\/p>\n<p><b>Le Filippine: ibrido originale <\/b>di <i>Mario Giro<\/i><\/p>\n<p><b>San Tommaso d\u2019Aquino a Singapore. L\u2019esistenza degna della\u00a0<\/b><b>vita: la Nuova Teoria della Legge Naturale <\/b>di <i>Chua Soo\u00a0<\/i><i>Meng Jude<\/i><\/p>\n<p><b>Tamilakkam: movimenti religiosi e migrazioni nelle rotte\u00a0<\/b><b>commerciali tra Sud dell\u2019India e Oceano Indiano <\/b>di <i>Sauro\u00a0<\/i><i>Mezzetti <\/i><\/p>\n<p><b>Il tantrismo e la formazione dello Stato in Indonesia <\/b>di <i>Andrea\u00a0<\/i><i>Acri<\/i><\/p>\n<p><b>Notizie sul Curatore e sugli Autori\u00a0<\/b><\/p>","protected":false},"featured_media":2920,"template":"","meta":{"_bbp_topic_count":0,"_bbp_reply_count":0,"_bbp_total_topic_count":0,"_bbp_total_reply_count":0,"_bbp_voice_count":0,"_bbp_anonymous_reply_count":0,"_bbp_topic_count_hidden":0,"_bbp_reply_count_hidden":0,"_bbp_forum_subforum_count":0,"_price":"","_stock":"","_tribe_ticket_header":"","_tribe_default_ticket_provider":"","_tribe_ticket_capacity":"0","_ticket_start_date":"","_ticket_end_date":"","_tribe_ticket_show_description":"","_tribe_ticket_show_not_going":false,"_tribe_ticket_use_global_stock":"","_tribe_ticket_global_stock_level":"","_global_stock_mode":"","_global_stock_cap":"","_tribe_rsvp_for_event":"","_tribe_ticket_going_count":"","_tribe_ticket_not_going_count":"","_tribe_tickets_list":[],"_tribe_ticket_has_attendee_info_fields":false,"_EventAllDay":false,"_EventTimezone":"","_EventStartDate":"","_EventEndDate":"","_EventStartDateUTC":"","_EventEndDateUTC":"","_EventShowMap":false,"_EventShowMapLink":false,"_EventURL":"","_EventCost":"","_EventCostDescription":"","_EventCurrencySymbol":"","_EventCurrencyPosition":"","_EventDateTimeSeparator":"","_EventTimeRangeSeparator":"","_EventOrganizerID":[],"_EventVenueID":0,"_OrganizerEmail":"","_OrganizerPhone":"","_OrganizerWebsite":"","_VenueAddress":"","_VenueCity":"","_VenueCountry":"","_VenueProvince":"","_VenueZip":"","_VenuePhone":"","_VenueURL":"","_VenueStateProvince":"","_VenueLat":"","_VenueLng":""},"product_cat":[95],"product_tag":[],"yoast_head":"<!-- This site is optimized with the Yoast SEO plugin v17.0 - https:\/\/yoast.com\/wordpress\/plugins\/seo\/ -->\n<title>Le anime dello sviluppo (2018) - Associazione Italia Asean<\/title>\n<meta name=\"robots\" content=\"index, follow, max-snippet:-1, max-image-preview:large, max-video-preview:-1\" \/>\n<link rel=\"canonical\" href=\"https:\/\/www.itasean.org\/en\/product\/le-anime-dello-sviluppo-2018\/\" \/>\n<meta property=\"og:locale\" content=\"en_GB\" \/>\n<meta property=\"og:type\" content=\"article\" \/>\n<meta property=\"og:title\" content=\"Le anime dello sviluppo (2018) - Associazione Italia Asean\" \/>\n<meta property=\"og:description\" content=\"L\u2019ASEAN ha imposto la propria diversit\u00e0 come un valore fondante, uno strumento di stabilit\u00e0 e un trampolino per la crescita. Nessuna organizzazione regionale presenta una cos\u00ec vasta pluralit\u00e0 di sistemi politici, eredit\u00e0 culturali, tradizioni popolari, esperimenti sociali. Il rispetto dell\u2019alterit\u00e0 \u00e8 stato prezioso nel lungo, spesso faticoso, cammino della lotta al sottosviluppo. I dieci paesi dell\u2019Associazione, spesso antagonisti nella storia, hanno costruito un modus vivendi imperniato sulla tolleranza che conduce alla pace. In questa cornice, le differenze religiose non sono un\u2019eccezione. Convivono e trainano le societ\u00e0 verso il loro riscatto, in un ventaglio di esperienze redditizie. Si afferma un ruolo pi\u00f9 moderno delle religioni: identitario per la difesa del tessuto sociale, vigile per contrastare ogni radicalizzazione, equilibratore delle disparit\u00e0 arrecate della globalizzazione economica. INDICE Prefazione di Enrico Letta  Introduzione di Romeo Orlandi   I numeri e la sovrastruttura di Romeo Orlandi  Fedi e popoli nel sud-est asiatico di Valeria Martano   L\u2019economia buddista: una guida per la creazione di un\u2019economia\u00a0equa, sostenibile e solidale di Clair Brown   Liberazione, concentrazione e il ruolo di equilibrio della  Muhammadiyah indonesiana di Bambang Setiaji e Haedar\u00a0Nashir  L\u2019economia islamica nel sud-est asiatico di Roberto Fabbri  Lo sviluppismo bumiputra e la politicizzazione dell\u2019Islam in\u00a0Malaysia di Andreas Ufen  Le Filippine: ibrido originale di Mario Giro  San Tommaso d\u2019Aquino a Singapore. L\u2019esistenza degna della\u00a0vita: la Nuova Teoria della Legge Naturale di Chua Soo\u00a0Meng Jude  Tamilakkam: movimenti religiosi e migrazioni nelle rotte\u00a0commerciali tra Sud dell\u2019India e Oceano Indiano di Sauro\u00a0Mezzetti   Il tantrismo e la formazione dello Stato in Indonesia di Andrea\u00a0Acri  Notizie sul Curatore e sugli Autori\u00a0\" \/>\n<meta property=\"og:url\" content=\"https:\/\/www.itasean.org\/en\/product\/le-anime-dello-sviluppo-2018\/\" \/>\n<meta property=\"og:site_name\" content=\"Associazione Italia Asean\" \/>\n<meta property=\"article:modified_time\" content=\"2020-09-10T05:59:58+00:00\" \/>\n<meta property=\"og:image\" content=\"https:\/\/www.itasean.org\/wp-content\/uploads\/2020\/09\/anime_rev_D03.jpg\" \/>\n\t<meta property=\"og:image:width\" content=\"687\" \/>\n\t<meta property=\"og:image:height\" content=\"1000\" \/>\n<meta name=\"twitter:card\" content=\"summary_large_image\" \/>\n<script type=\"application\/ld+json\" class=\"yoast-schema-graph\">{\"@context\":\"https:\/\/schema.org\",\"@graph\":[{\"@type\":\"WebSite\",\"@id\":\"https:\/\/www.itasean.org\/#website\",\"url\":\"https:\/\/www.itasean.org\/\",\"name\":\"Associazione Italia Asean\",\"description\":\"\",\"potentialAction\":[{\"@type\":\"SearchAction\",\"target\":{\"@type\":\"EntryPoint\",\"urlTemplate\":\"https:\/\/www.itasean.org\/?s={search_term_string}\"},\"query-input\":\"required name=search_term_string\"}],\"inLanguage\":\"en-GB\"},{\"@type\":\"ImageObject\",\"@id\":\"https:\/\/www.itasean.org\/prodotto\/le-anime-dello-sviluppo-2018\/#primaryimage\",\"inLanguage\":\"en-GB\",\"url\":\"https:\/\/www.itasean.org\/wp-content\/uploads\/2020\/09\/anime_rev_D03.jpg\",\"contentUrl\":\"https:\/\/www.itasean.org\/wp-content\/uploads\/2020\/09\/anime_rev_D03.jpg\",\"width\":687,\"height\":1000},{\"@type\":\"WebPage\",\"@id\":\"https:\/\/www.itasean.org\/prodotto\/le-anime-dello-sviluppo-2018\/#webpage\",\"url\":\"https:\/\/www.itasean.org\/prodotto\/le-anime-dello-sviluppo-2018\/\",\"name\":\"Le anime dello sviluppo (2018) - Associazione Italia Asean\",\"isPartOf\":{\"@id\":\"https:\/\/www.itasean.org\/#website\"},\"primaryImageOfPage\":{\"@id\":\"https:\/\/www.itasean.org\/prodotto\/le-anime-dello-sviluppo-2018\/#primaryimage\"},\"datePublished\":\"2020-08-10T05:51:49+00:00\",\"dateModified\":\"2020-09-10T05:59:58+00:00\",\"breadcrumb\":{\"@id\":\"https:\/\/www.itasean.org\/prodotto\/le-anime-dello-sviluppo-2018\/#breadcrumb\"},\"inLanguage\":\"en-GB\",\"potentialAction\":[{\"@type\":\"ReadAction\",\"target\":[\"https:\/\/www.itasean.org\/prodotto\/le-anime-dello-sviluppo-2018\/\"]}]},{\"@type\":\"BreadcrumbList\",\"@id\":\"https:\/\/www.itasean.org\/prodotto\/le-anime-dello-sviluppo-2018\/#breadcrumb\",\"itemListElement\":[{\"@type\":\"ListItem\",\"position\":1,\"name\":\"Home\",\"item\":\"https:\/\/www.itasean.org\/\"},{\"@type\":\"ListItem\",\"position\":2,\"name\":\"Pubblicazioni\",\"item\":\"https:\/\/www.itasean.org\/pubblicazioni\/\"},{\"@type\":\"ListItem\",\"position\":3,\"name\":\"Le anime dello sviluppo (2018)\"}]}]}<\/script>\n<!-- \/ Yoast SEO plugin. -->","yoast_head_json":{"title":"Le anime dello sviluppo (2018) - Associazione Italia Asean","robots":{"index":"index","follow":"follow","max-snippet":"max-snippet:-1","max-image-preview":"max-image-preview:large","max-video-preview":"max-video-preview:-1"},"canonical":"https:\/\/www.itasean.org\/en\/product\/le-anime-dello-sviluppo-2018\/","og_locale":"en_GB","og_type":"article","og_title":"Le anime dello sviluppo (2018) - Associazione Italia Asean","og_description":"L\u2019ASEAN ha imposto la propria diversit\u00e0 come un valore fondante, uno strumento di stabilit\u00e0 e un trampolino per la crescita. Nessuna organizzazione regionale presenta una cos\u00ec vasta pluralit\u00e0 di sistemi politici, eredit\u00e0 culturali, tradizioni popolari, esperimenti sociali. Il rispetto dell\u2019alterit\u00e0 \u00e8 stato prezioso nel lungo, spesso faticoso, cammino della lotta al sottosviluppo. I dieci paesi dell\u2019Associazione, spesso antagonisti nella storia, hanno costruito un modus vivendi imperniato sulla tolleranza che conduce alla pace. In questa cornice, le differenze religiose non sono un\u2019eccezione. Convivono e trainano le societ\u00e0 verso il loro riscatto, in un ventaglio di esperienze redditizie. Si afferma un ruolo pi\u00f9 moderno delle religioni: identitario per la difesa del tessuto sociale, vigile per contrastare ogni radicalizzazione, equilibratore delle disparit\u00e0 arrecate della globalizzazione economica. INDICE Prefazione di Enrico Letta  Introduzione di Romeo Orlandi   I numeri e la sovrastruttura di Romeo Orlandi  Fedi e popoli nel sud-est asiatico di Valeria Martano   L\u2019economia buddista: una guida per la creazione di un\u2019economia\u00a0equa, sostenibile e solidale di Clair Brown   Liberazione, concentrazione e il ruolo di equilibrio della  Muhammadiyah indonesiana di Bambang Setiaji e Haedar\u00a0Nashir  L\u2019economia islamica nel sud-est asiatico di Roberto Fabbri  Lo sviluppismo bumiputra e la politicizzazione dell\u2019Islam in\u00a0Malaysia di Andreas Ufen  Le Filippine: ibrido originale di Mario Giro  San Tommaso d\u2019Aquino a Singapore. L\u2019esistenza degna della\u00a0vita: la Nuova Teoria della Legge Naturale di Chua Soo\u00a0Meng Jude  Tamilakkam: movimenti religiosi e migrazioni nelle rotte\u00a0commerciali tra Sud dell\u2019India e Oceano Indiano di Sauro\u00a0Mezzetti   Il tantrismo e la formazione dello Stato in Indonesia di Andrea\u00a0Acri  Notizie sul Curatore e sugli Autori\u00a0","og_url":"https:\/\/www.itasean.org\/en\/product\/le-anime-dello-sviluppo-2018\/","og_site_name":"Associazione Italia Asean","article_modified_time":"2020-09-10T05:59:58+00:00","og_image":[{"width":687,"height":1000,"url":"https:\/\/www.itasean.org\/wp-content\/uploads\/2020\/09\/anime_rev_D03.jpg","path":"\/var\/www\/www.itasean.org\/wp-content\/uploads\/2020\/09\/anime_rev_D03.jpg","size":"full","id":2920,"alt":"","pixels":687000,"type":"image\/jpeg"}],"twitter_card":"summary_large_image","schema":{"@context":"https:\/\/schema.org","@graph":[{"@type":"WebSite","@id":"https:\/\/www.itasean.org\/#website","url":"https:\/\/www.itasean.org\/","name":"Associazione Italia Asean","description":"","potentialAction":[{"@type":"SearchAction","target":{"@type":"EntryPoint","urlTemplate":"https:\/\/www.itasean.org\/?s={search_term_string}"},"query-input":"required name=search_term_string"}],"inLanguage":"en-GB"},{"@type":"ImageObject","@id":"https:\/\/www.itasean.org\/prodotto\/le-anime-dello-sviluppo-2018\/#primaryimage","inLanguage":"en-GB","url":"https:\/\/www.itasean.org\/wp-content\/uploads\/2020\/09\/anime_rev_D03.jpg","contentUrl":"https:\/\/www.itasean.org\/wp-content\/uploads\/2020\/09\/anime_rev_D03.jpg","width":687,"height":1000},{"@type":"WebPage","@id":"https:\/\/www.itasean.org\/prodotto\/le-anime-dello-sviluppo-2018\/#webpage","url":"https:\/\/www.itasean.org\/prodotto\/le-anime-dello-sviluppo-2018\/","name":"Le anime dello sviluppo (2018) - Associazione Italia Asean","isPartOf":{"@id":"https:\/\/www.itasean.org\/#website"},"primaryImageOfPage":{"@id":"https:\/\/www.itasean.org\/prodotto\/le-anime-dello-sviluppo-2018\/#primaryimage"},"datePublished":"2020-08-10T05:51:49+00:00","dateModified":"2020-09-10T05:59:58+00:00","breadcrumb":{"@id":"https:\/\/www.itasean.org\/prodotto\/le-anime-dello-sviluppo-2018\/#breadcrumb"},"inLanguage":"en-GB","potentialAction":[{"@type":"ReadAction","target":["https:\/\/www.itasean.org\/prodotto\/le-anime-dello-sviluppo-2018\/"]}]},{"@type":"BreadcrumbList","@id":"https:\/\/www.itasean.org\/prodotto\/le-anime-dello-sviluppo-2018\/#breadcrumb","itemListElement":[{"@type":"ListItem","position":1,"name":"Home","item":"https:\/\/www.itasean.org\/"},{"@type":"ListItem","position":2,"name":"Pubblicazioni","item":"https:\/\/www.itasean.org\/pubblicazioni\/"},{"@type":"ListItem","position":3,"name":"Le anime dello sviluppo (2018)"}]}]}},"_links":{"self":[{"href":"https:\/\/www.itasean.org\/en\/wp-json\/wp\/v2\/product\/2919"}],"collection":[{"href":"https:\/\/www.itasean.org\/en\/wp-json\/wp\/v2\/product"}],"about":[{"href":"https:\/\/www.itasean.org\/en\/wp-json\/wp\/v2\/types\/product"}],"wp:featuredmedia":[{"embeddable":true,"href":"https:\/\/www.itasean.org\/en\/wp-json\/wp\/v2\/media\/2920"}],"wp:attachment":[{"href":"https:\/\/www.itasean.org\/en\/wp-json\/wp\/v2\/media?parent=2919"}],"wp:term":[{"taxonomy":"product_cat","embeddable":true,"href":"https:\/\/www.itasean.org\/en\/wp-json\/wp\/v2\/product_cat?post=2919"},{"taxonomy":"product_tag","embeddable":true,"href":"https:\/\/www.itasean.org\/en\/wp-json\/wp\/v2\/product_tag?post=2919"}],"curies":[{"name":"wp","href":"https:\/\/api.w.org\/{rel}","templated":true}]}}