{"id":5091,"date":"2021-10-05T08:58:48","date_gmt":"2021-10-05T08:58:48","guid":{"rendered":"https:\/\/www.itasean.org\/prodotto\/lindo-pacifico-non-e-pacifico-copy\/"},"modified":"2021-10-05T09:09:42","modified_gmt":"2021-10-05T09:09:42","slug":"italia-malesia-politica-economia-cultura","status":"publish","type":"product","link":"https:\/\/www.itasean.org\/en\/product\/italia-malesia-politica-economia-cultura\/","title":{"rendered":"Italia e Malesia. Politica, economia, cultura"},"content":{"rendered":"","protected":false},"excerpt":{"rendered":"<p>Dall\u2019indipendenza del 1957, la Malesia ha raggiunto risultati importanti, segnati da passaggi storici.\u00a0Ha esteso il suo territorio, strutturato la sua base produttiva, superato di\u2002cili tensioni interne, avviato una vivace dialettica parlamentare. La dolorosa separazione con Singapore \u00e8 stata pienamente assorbita e oggi la Malesia \u00e8 uno dei paesi pi\u00f9 importanti e prosperi dell\u2019ASEAN. La crescita economica \u00e8 stata contemporaneamente causa ed e\u2002etto di questi progressi. Il paese si \u00e8 ben inserito nei circuiti della globalizzazione, nelle catene del valore internazionali, nell\u2019emersione epocale del secolo asiatico. Questo percorso ha tuttavia bisogno di consolidarsi, nella ricerca di assetti che reggano l\u2019urto di crisi imprevedibili. La risposta al Covid-19, come spesso \u00e8 avvenuto in Estremo Oriente, ha tutelato congiuntamente i cittadini e l\u2019economia. Il paese ambisce a una sofisticazione produttiva, a settori specializzati, alla trasformazione delle sue preziose materie prime. L\u2019Italia pu\u00f2 svolgere un ruolo redditizio, mutualmente fertile e lungimirante. Le presenze e gli scambi tra i due paesi sono gi\u00e0 intensi ma certamente non esauriti. Il terreno di incontro non presenta asperit\u00e0 e approda in ambiti istituzionali, culturali, economici, aziendali. Questo libro intende farli conoscere e analizzarli.<span class=\"Apple-converted-space\">\u00a0<\/span><\/p>\n<p><em><strong>Romeo Orlandi<\/strong><\/em>, Vice Presidente dell\u2019Associazione Italia-ASEAN, Presidente del think tank Osservatorio Asia, economista e sinologo. Ha insegnato Globalizzazione ed Estremo Oriente all\u2019Universit\u00e0 di Bologna e ha incarichi di docenza sull\u2019economia dell\u2019Asia Orientale in diversi Master post universitari. Per l\u2019Istituto Nazionale per il Commercio Estero ha lavorato a Los Angeles, Singapore, Shanghai e Pechino. Relatore a conferenze internazionali, autore di numerosi libri e pubblicazioni sull\u2019Asia, \u00e8 consulente di strategia per istituzioni e aziende.<\/p>\n<p><em><strong>Associazione Italia-ASEAN.<\/strong><\/em> Nata nel 2015, si \u00e8 posta il compito di fornire al Sistema Paese uno strumento di conoscenza e di lavoro. L\u2019emersione dell\u2019ASEAN nella globalizzazione pone infatti l\u2019Italia di fronte alla necessit\u00e0 di arricchire il numero dei suoi interlocutori. Le sue attivit\u00e0 \u2013 decise dal Consiglio Direttivo e realizzate da una struttura leggera \u2013 si concentrano su tre versanti: eventi e convegni, missioni, iniziative editoriali.<\/p>\n<ul>\n<li>Autore: Romeo Orlandi<\/li>\n<li>Prefazione di Romano Prodi<\/li>\n<li>Editore:\u00a0Il Mulino<\/li>\n<li>Collana:\u00a0Pubblicazioni AREL<\/li>\n<li>ISBN-10:\u00a08815287639<\/li>\n<li>ISBN-13:\u00a0 <strong>9788815287632<\/strong><\/li>\n<\/ul>","protected":false},"featured_media":5093,"template":"","meta":{"_bbp_topic_count":0,"_bbp_reply_count":0,"_bbp_total_topic_count":0,"_bbp_total_reply_count":0,"_bbp_voice_count":0,"_bbp_anonymous_reply_count":0,"_bbp_topic_count_hidden":0,"_bbp_reply_count_hidden":0,"_bbp_forum_subforum_count":0,"_price":"","_stock":"","_tribe_ticket_header":"","_tribe_default_ticket_provider":"","_tribe_ticket_capacity":"1","_ticket_start_date":"","_ticket_end_date":"","_tribe_ticket_show_description":"","_tribe_ticket_show_not_going":false,"_tribe_ticket_use_global_stock":"","_tribe_ticket_global_stock_level":"","_global_stock_mode":"","_global_stock_cap":"","_tribe_rsvp_for_event":"","_tribe_ticket_going_count":"","_tribe_ticket_not_going_count":"","_tribe_tickets_list":[],"_tribe_ticket_has_attendee_info_fields":false,"_EventAllDay":false,"_EventTimezone":"","_EventStartDate":"","_EventEndDate":"","_EventStartDateUTC":"","_EventEndDateUTC":"","_EventShowMap":false,"_EventShowMapLink":false,"_EventURL":"","_EventCost":"","_EventCostDescription":"","_EventCurrencySymbol":"","_EventCurrencyPosition":"","_EventDateTimeSeparator":"","_EventTimeRangeSeparator":"","_EventOrganizerID":[],"_EventVenueID":0,"_OrganizerEmail":"","_OrganizerPhone":"","_OrganizerWebsite":"","_VenueAddress":"","_VenueCity":"","_VenueCountry":"","_VenueProvince":"","_VenueZip":"","_VenuePhone":"","_VenueURL":"","_VenueStateProvince":"","_VenueLat":"","_VenueLng":""},"product_cat":[95],"product_tag":[661,660,658,659],"yoast_head":"<!-- This site is optimized with the Yoast SEO plugin v17.0 - https:\/\/yoast.com\/wordpress\/plugins\/seo\/ -->\n<title>Italia e Malesia. Politica, economia, cultura - Associazione Italia Asean<\/title>\n<meta name=\"robots\" content=\"index, follow, max-snippet:-1, max-image-preview:large, max-video-preview:-1\" \/>\n<link rel=\"canonical\" href=\"https:\/\/www.itasean.org\/en\/product\/italia-malesia-politica-economia-cultura\/\" \/>\n<meta property=\"og:locale\" content=\"en_GB\" \/>\n<meta property=\"og:type\" content=\"article\" \/>\n<meta property=\"og:title\" content=\"Italia e Malesia. Politica, economia, cultura - Associazione Italia Asean\" \/>\n<meta property=\"og:description\" content=\"Dall\u2019indipendenza del 1957, la Malesia ha raggiunto risultati importanti, segnati da passaggi storici.\u00a0Ha esteso il suo territorio, strutturato la sua base produttiva, superato di\u2002cili tensioni interne, avviato una vivace dialettica parlamentare. La dolorosa separazione con Singapore \u00e8 stata pienamente assorbita e oggi la Malesia \u00e8 uno dei paesi pi\u00f9 importanti e prosperi dell\u2019ASEAN. La crescita economica \u00e8 stata contemporaneamente causa ed e\u2002etto di questi progressi. Il paese si \u00e8 ben inserito nei circuiti della globalizzazione, nelle catene del valore internazionali, nell\u2019emersione epocale del secolo asiatico. Questo percorso ha tuttavia bisogno di consolidarsi, nella ricerca di assetti che reggano l\u2019urto di crisi imprevedibili. La risposta al Covid-19, come spesso \u00e8 avvenuto in Estremo Oriente, ha tutelato congiuntamente i cittadini e l\u2019economia. Il paese ambisce a una sofisticazione produttiva, a settori specializzati, alla trasformazione delle sue preziose materie prime. L\u2019Italia pu\u00f2 svolgere un ruolo redditizio, mutualmente fertile e lungimirante. Le presenze e gli scambi tra i due paesi sono gi\u00e0 intensi ma certamente non esauriti. Il terreno di incontro non presenta asperit\u00e0 e approda in ambiti istituzionali, culturali, economici, aziendali. Questo libro intende farli conoscere e analizzarli.\u00a0  Romeo Orlandi, Vice Presidente dell\u2019Associazione Italia-ASEAN, Presidente del think tank Osservatorio Asia, economista e sinologo. Ha insegnato Globalizzazione ed Estremo Oriente all\u2019Universit\u00e0 di Bologna e ha incarichi di docenza sull\u2019economia dell\u2019Asia Orientale in diversi Master post universitari. Per l\u2019Istituto Nazionale per il Commercio Estero ha lavorato a Los Angeles, Singapore, Shanghai e Pechino. Relatore a conferenze internazionali, autore di numerosi libri e pubblicazioni sull\u2019Asia, \u00e8 consulente di strategia per istituzioni e aziende.  Associazione Italia-ASEAN. Nata nel 2015, si \u00e8 posta il compito di fornire al Sistema Paese uno strumento di conoscenza e di lavoro. L\u2019emersione dell\u2019ASEAN nella globalizzazione pone infatti l\u2019Italia di fronte alla necessit\u00e0 di arricchire il numero dei suoi interlocutori. Le sue attivit\u00e0 \u2013 decise dal Consiglio Direttivo e realizzate da una struttura leggera \u2013 si concentrano su tre versanti: eventi e convegni, missioni, iniziative editoriali.   Autore: Romeo Orlandi  Prefazione di Romano Prodi  Editore:\u00a0Il Mulino  Collana:\u00a0Pubblicazioni AREL  ISBN-10:\u00a08815287639  ISBN-13:\u00a0 9788815287632\" \/>\n<meta property=\"og:url\" content=\"https:\/\/www.itasean.org\/en\/product\/italia-malesia-politica-economia-cultura\/\" \/>\n<meta property=\"og:site_name\" content=\"Associazione Italia Asean\" \/>\n<meta property=\"article:modified_time\" content=\"2021-10-05T09:09:42+00:00\" \/>\n<meta property=\"og:image\" content=\"https:\/\/www.itasean.org\/wp-content\/uploads\/2021\/10\/Schermata-2021-10-05-alle-11.00.35-695x1024.png\" \/>\n\t<meta property=\"og:image:width\" content=\"695\" \/>\n\t<meta property=\"og:image:height\" content=\"1024\" \/>\n<meta name=\"twitter:card\" content=\"summary_large_image\" \/>\n<script type=\"application\/ld+json\" class=\"yoast-schema-graph\">{\"@context\":\"https:\/\/schema.org\",\"@graph\":[{\"@type\":\"WebSite\",\"@id\":\"https:\/\/www.itasean.org\/#website\",\"url\":\"https:\/\/www.itasean.org\/\",\"name\":\"Associazione Italia Asean\",\"description\":\"\",\"potentialAction\":[{\"@type\":\"SearchAction\",\"target\":{\"@type\":\"EntryPoint\",\"urlTemplate\":\"https:\/\/www.itasean.org\/?s={search_term_string}\"},\"query-input\":\"required name=search_term_string\"}],\"inLanguage\":\"en-GB\"},{\"@type\":\"ImageObject\",\"@id\":\"https:\/\/www.itasean.org\/prodotto\/italia-malesia-politica-economia-cultura\/#primaryimage\",\"inLanguage\":\"en-GB\",\"url\":\"https:\/\/www.itasean.org\/wp-content\/uploads\/2021\/10\/Schermata-2021-10-05-alle-11.00.35.png\",\"contentUrl\":\"https:\/\/www.itasean.org\/wp-content\/uploads\/2021\/10\/Schermata-2021-10-05-alle-11.00.35.png\",\"width\":1000,\"height\":1474},{\"@type\":\"WebPage\",\"@id\":\"https:\/\/www.itasean.org\/prodotto\/italia-malesia-politica-economia-cultura\/#webpage\",\"url\":\"https:\/\/www.itasean.org\/prodotto\/italia-malesia-politica-economia-cultura\/\",\"name\":\"Italia e Malesia. Politica, economia, cultura - Associazione Italia Asean\",\"isPartOf\":{\"@id\":\"https:\/\/www.itasean.org\/#website\"},\"primaryImageOfPage\":{\"@id\":\"https:\/\/www.itasean.org\/prodotto\/italia-malesia-politica-economia-cultura\/#primaryimage\"},\"datePublished\":\"2021-10-05T08:58:48+00:00\",\"dateModified\":\"2021-10-05T09:09:42+00:00\",\"breadcrumb\":{\"@id\":\"https:\/\/www.itasean.org\/prodotto\/italia-malesia-politica-economia-cultura\/#breadcrumb\"},\"inLanguage\":\"en-GB\",\"potentialAction\":[{\"@type\":\"ReadAction\",\"target\":[\"https:\/\/www.itasean.org\/prodotto\/italia-malesia-politica-economia-cultura\/\"]}]},{\"@type\":\"BreadcrumbList\",\"@id\":\"https:\/\/www.itasean.org\/prodotto\/italia-malesia-politica-economia-cultura\/#breadcrumb\",\"itemListElement\":[{\"@type\":\"ListItem\",\"position\":1,\"name\":\"Home\",\"item\":\"https:\/\/www.itasean.org\/\"},{\"@type\":\"ListItem\",\"position\":2,\"name\":\"Pubblicazioni\",\"item\":\"https:\/\/www.itasean.org\/pubblicazioni\/\"},{\"@type\":\"ListItem\",\"position\":3,\"name\":\"Italia e Malesia. Politica, economia, cultura\"}]}]}<\/script>\n<!-- \/ Yoast SEO plugin. -->","yoast_head_json":{"title":"Italia e Malesia. Politica, economia, cultura - Associazione Italia Asean","robots":{"index":"index","follow":"follow","max-snippet":"max-snippet:-1","max-image-preview":"max-image-preview:large","max-video-preview":"max-video-preview:-1"},"canonical":"https:\/\/www.itasean.org\/en\/product\/italia-malesia-politica-economia-cultura\/","og_locale":"en_GB","og_type":"article","og_title":"Italia e Malesia. Politica, economia, cultura - Associazione Italia Asean","og_description":"Dall\u2019indipendenza del 1957, la Malesia ha raggiunto risultati importanti, segnati da passaggi storici.\u00a0Ha esteso il suo territorio, strutturato la sua base produttiva, superato di\u2002cili tensioni interne, avviato una vivace dialettica parlamentare. La dolorosa separazione con Singapore \u00e8 stata pienamente assorbita e oggi la Malesia \u00e8 uno dei paesi pi\u00f9 importanti e prosperi dell\u2019ASEAN. La crescita economica \u00e8 stata contemporaneamente causa ed e\u2002etto di questi progressi. Il paese si \u00e8 ben inserito nei circuiti della globalizzazione, nelle catene del valore internazionali, nell\u2019emersione epocale del secolo asiatico. Questo percorso ha tuttavia bisogno di consolidarsi, nella ricerca di assetti che reggano l\u2019urto di crisi imprevedibili. La risposta al Covid-19, come spesso \u00e8 avvenuto in Estremo Oriente, ha tutelato congiuntamente i cittadini e l\u2019economia. Il paese ambisce a una sofisticazione produttiva, a settori specializzati, alla trasformazione delle sue preziose materie prime. L\u2019Italia pu\u00f2 svolgere un ruolo redditizio, mutualmente fertile e lungimirante. Le presenze e gli scambi tra i due paesi sono gi\u00e0 intensi ma certamente non esauriti. Il terreno di incontro non presenta asperit\u00e0 e approda in ambiti istituzionali, culturali, economici, aziendali. Questo libro intende farli conoscere e analizzarli.\u00a0  Romeo Orlandi, Vice Presidente dell\u2019Associazione Italia-ASEAN, Presidente del think tank Osservatorio Asia, economista e sinologo. Ha insegnato Globalizzazione ed Estremo Oriente all\u2019Universit\u00e0 di Bologna e ha incarichi di docenza sull\u2019economia dell\u2019Asia Orientale in diversi Master post universitari. Per l\u2019Istituto Nazionale per il Commercio Estero ha lavorato a Los Angeles, Singapore, Shanghai e Pechino. Relatore a conferenze internazionali, autore di numerosi libri e pubblicazioni sull\u2019Asia, \u00e8 consulente di strategia per istituzioni e aziende.  Associazione Italia-ASEAN. Nata nel 2015, si \u00e8 posta il compito di fornire al Sistema Paese uno strumento di conoscenza e di lavoro. L\u2019emersione dell\u2019ASEAN nella globalizzazione pone infatti l\u2019Italia di fronte alla necessit\u00e0 di arricchire il numero dei suoi interlocutori. Le sue attivit\u00e0 \u2013 decise dal Consiglio Direttivo e realizzate da una struttura leggera \u2013 si concentrano su tre versanti: eventi e convegni, missioni, iniziative editoriali.   Autore: Romeo Orlandi  Prefazione di Romano Prodi  Editore:\u00a0Il Mulino  Collana:\u00a0Pubblicazioni AREL  ISBN-10:\u00a08815287639  ISBN-13:\u00a0 9788815287632","og_url":"https:\/\/www.itasean.org\/en\/product\/italia-malesia-politica-economia-cultura\/","og_site_name":"Associazione Italia Asean","article_modified_time":"2021-10-05T09:09:42+00:00","og_image":[{"width":695,"height":1024,"path":"2021\/10\/Schermata-2021-10-05-alle-11.00.35-695x1024.png","url":"https:\/\/www.itasean.org\/wp-content\/uploads\/2021\/10\/Schermata-2021-10-05-alle-11.00.35-695x1024.png","size":"large","id":5093,"alt":"","pixels":711680,"type":"image\/png"}],"twitter_card":"summary_large_image","schema":{"@context":"https:\/\/schema.org","@graph":[{"@type":"WebSite","@id":"https:\/\/www.itasean.org\/#website","url":"https:\/\/www.itasean.org\/","name":"Associazione Italia Asean","description":"","potentialAction":[{"@type":"SearchAction","target":{"@type":"EntryPoint","urlTemplate":"https:\/\/www.itasean.org\/?s={search_term_string}"},"query-input":"required name=search_term_string"}],"inLanguage":"en-GB"},{"@type":"ImageObject","@id":"https:\/\/www.itasean.org\/prodotto\/italia-malesia-politica-economia-cultura\/#primaryimage","inLanguage":"en-GB","url":"https:\/\/www.itasean.org\/wp-content\/uploads\/2021\/10\/Schermata-2021-10-05-alle-11.00.35.png","contentUrl":"https:\/\/www.itasean.org\/wp-content\/uploads\/2021\/10\/Schermata-2021-10-05-alle-11.00.35.png","width":1000,"height":1474},{"@type":"WebPage","@id":"https:\/\/www.itasean.org\/prodotto\/italia-malesia-politica-economia-cultura\/#webpage","url":"https:\/\/www.itasean.org\/prodotto\/italia-malesia-politica-economia-cultura\/","name":"Italia e Malesia. Politica, economia, cultura - Associazione Italia Asean","isPartOf":{"@id":"https:\/\/www.itasean.org\/#website"},"primaryImageOfPage":{"@id":"https:\/\/www.itasean.org\/prodotto\/italia-malesia-politica-economia-cultura\/#primaryimage"},"datePublished":"2021-10-05T08:58:48+00:00","dateModified":"2021-10-05T09:09:42+00:00","breadcrumb":{"@id":"https:\/\/www.itasean.org\/prodotto\/italia-malesia-politica-economia-cultura\/#breadcrumb"},"inLanguage":"en-GB","potentialAction":[{"@type":"ReadAction","target":["https:\/\/www.itasean.org\/prodotto\/italia-malesia-politica-economia-cultura\/"]}]},{"@type":"BreadcrumbList","@id":"https:\/\/www.itasean.org\/prodotto\/italia-malesia-politica-economia-cultura\/#breadcrumb","itemListElement":[{"@type":"ListItem","position":1,"name":"Home","item":"https:\/\/www.itasean.org\/"},{"@type":"ListItem","position":2,"name":"Pubblicazioni","item":"https:\/\/www.itasean.org\/pubblicazioni\/"},{"@type":"ListItem","position":3,"name":"Italia e Malesia. Politica, economia, cultura"}]}]}},"_links":{"self":[{"href":"https:\/\/www.itasean.org\/en\/wp-json\/wp\/v2\/product\/5091"}],"collection":[{"href":"https:\/\/www.itasean.org\/en\/wp-json\/wp\/v2\/product"}],"about":[{"href":"https:\/\/www.itasean.org\/en\/wp-json\/wp\/v2\/types\/product"}],"wp:featuredmedia":[{"embeddable":true,"href":"https:\/\/www.itasean.org\/en\/wp-json\/wp\/v2\/media\/5093"}],"wp:attachment":[{"href":"https:\/\/www.itasean.org\/en\/wp-json\/wp\/v2\/media?parent=5091"}],"wp:term":[{"taxonomy":"product_cat","embeddable":true,"href":"https:\/\/www.itasean.org\/en\/wp-json\/wp\/v2\/product_cat?post=5091"},{"taxonomy":"product_tag","embeddable":true,"href":"https:\/\/www.itasean.org\/en\/wp-json\/wp\/v2\/product_tag?post=5091"}],"curies":[{"name":"wp","href":"https:\/\/api.w.org\/{rel}","templated":true}]}}